{"id":139,"date":"2007-04-19T14:51:23","date_gmt":"2007-04-19T12:51:23","guid":{"rendered":"http:\/\/oracle.malin.pl\/?page_id=139"},"modified":"2018-09-27T22:41:36","modified_gmt":"2018-09-27T20:41:36","slug":"strona-glowna","status":"publish","type":"page","link":"https:\/\/oracle.malin.pl\/?page_id=139","title":{"rendered":"Baza Wiedzy o Oracle oraz MS"},"content":{"rendered":"<p><a title=\"Einstein_nowledge Head\" href=\"http:\/\/oracle.malin.pl\/wp-content\/uploads\/2007\/04\/einstein_knowledge-service-center.png\"><img title=\"Einstein Knowledge Head\" src=\"http:\/\/oracle.malin.pl\/wp-content\/uploads\/2007\/04\/einstein_knowledge-service-center.miniatura.png\" alt=\"Einstein Knowledge Head\" align=\"right\" border=\"0\" hspace=\"10\" vspace=\"10\" \/><\/a><\/p>\n<p><span style=\"color: #008000;\"><strong>UWAGA:<\/strong><\/span><\/p>\n<p><span style=\"color: #008000;\">na stronie\u00a0znajduj\u0105\u00a0si\u0119\u00a0prywatne\u00a0materia\u0142y (skrypty, uwagi, sugestie), Autorzy\u00a0nie ponosz\u0105 odpowiedzialno\u015bci za ewentualne szkody powsta\u0142e w wyniku zastosowania materia\u0142\u00f3w z tego serwisu.\u00a0<\/span><\/p>\n<p>Ten serwis to \u00a0baza wiedzy o szeroko poj\u0119tym Oracle. G\u0142\u00f3wnie dotyczy Aplikacji Oracle:<\/p>\n<ul>\n<li>Oracle e-business suite (EBS)<\/li>\n<li>Oracle Busieness Inteligence Enterprise Edition (OBIEE)<\/li>\n<li>Hyperion (Essbase, Planning, HFM, FDM)<\/li>\n<\/ul>\n<p>oraz narz\u0119dzi i technologii, \u00a0m.in.:<\/p>\n<ul>\n<li>Baza Danych Oracle<\/li>\n<li>SQL i PL\/SQL<\/li>\n<li>XML \/ BI Publisher<\/li>\n<li>OAF, ADF<\/li>\n<li>JDeveloper<\/li>\n<li>Oracle Form i Reports Builder<\/li>\n<li>Oracle Workflow Builder<\/li>\n<\/ul>\n<p>Przydatne informacje:<\/p>\n<ul>\n<li><a title=\"dodawanie wpis\u00f3w\" href=\"http:\/\/oracle.malin.pl\/?p=158\">Dodawanie wpis\u00f3w do Bazy Wiedzy<\/a><\/li>\n<\/ul>\n","protected":false},"excerpt":{"rendered":"<p>UWAGA: na stronie\u00a0znajduj\u0105\u00a0si\u0119\u00a0prywatne\u00a0materia\u0142y (skrypty, uwagi, sugestie), Autorzy\u00a0nie ponosz\u0105 odpowiedzialno\u015bci za ewentualne szkody powsta\u0142e w wyniku zastosowania materia\u0142\u00f3w z tego serwisu.\u00a0 Ten serwis to \u00a0baza wiedzy o szeroko poj\u0119tym Oracle. G\u0142\u00f3wnie dotyczy Aplikacji Oracle: Oracle e-business suite (EBS) Oracle Busieness Inteligence &hellip; <a href=\"https:\/\/oracle.malin.pl\/?page_id=139\">Czytaj dalej <span class=\"meta-nav\">&rarr;<\/span><\/a><\/p>\n","protected":false},"author":20,"featured_media":0,"parent":0,"menu_order":0,"comment_status":"open","ping_status":"closed","template":"","meta":[],"_links":{"self":[{"href":"https:\/\/oracle.malin.pl\/index.php?rest_route=\/wp\/v2\/pages\/139"}],"collection":[{"href":"https:\/\/oracle.malin.pl\/index.php?rest_route=\/wp\/v2\/pages"}],"about":[{"href":"https:\/\/oracle.malin.pl\/index.php?rest_route=\/wp\/v2\/types\/page"}],"author":[{"embeddable":true,"href":"https:\/\/oracle.malin.pl\/index.php?rest_route=\/wp\/v2\/users\/20"}],"replies":[{"embeddable":true,"href":"https:\/\/oracle.malin.pl\/index.php?rest_route=%2Fwp%2Fv2%2Fcomments&post=139"}],"version-history":[{"count":6,"href":"https:\/\/oracle.malin.pl\/index.php?rest_route=\/wp\/v2\/pages\/139\/revisions"}],"predecessor-version":[{"id":1354,"href":"https:\/\/oracle.malin.pl\/index.php?rest_route=\/wp\/v2\/pages\/139\/revisions\/1354"}],"wp:attachment":[{"href":"https:\/\/oracle.malin.pl\/index.php?rest_route=%2Fwp%2Fv2%2Fmedia&parent=139"}],"curies":[{"name":"wp","href":"https:\/\/api.w.org\/{rel}","templated":true}]}}